{"id":2297,"date":"2021-02-08T13:48:50","date_gmt":"2021-02-08T12:48:50","guid":{"rendered":"https:\/\/account-group.no\/?page_id=2297"},"modified":"2023-09-29T09:27:27","modified_gmt":"2023-09-29T07:27:27","slug":"radgiving","status":"publish","type":"page","link":"https:\/\/vvs-regnskap.no\/?page_id=2297","title":{"rendered":"R\u00e5dgiving"},"content":{"rendered":"<p><div class=\"fusion-fullwidth fullwidth-box fusion-builder-row-1 nonhundred-percent-fullwidth non-hundred-percent-height-scrolling fusion-no-small-visibility\" style=\"--awb-border-radius-top-left:0px;--awb-border-radius-top-right:0px;--awb-border-radius-bottom-right:0px;--awb-border-radius-bottom-left:0px;--awb-padding-bottom:200px;--awb-margin-top:2%;--awb-margin-bottom:-100px;--awb-background-color:#f7f7f7;--awb-flex-wrap:wrap;\" ><div class=\"fusion-builder-row fusion-row\"><div class=\"fusion-layout-column fusion_builder_column fusion-builder-column-0 fusion_builder_column_1_2 1_2 fusion-one-half fusion-column-first\" style=\"--awb-padding-right:12%;--awb-padding-bottom:10%;--awb-padding-left:12%;--awb-overflow:hidden;--awb-bg-color:#ffffff;--awb-bg-color-hover:#ffffff;--awb-bg-size:cover;--awb-border-radius:0px 0px 0px 60px;--awb-margin-top:-50px;width:50%;width:calc(50% - ( ( 4% ) * 0.5 ) );margin-right: 4%;\"><div class=\"fusion-column-wrapper fusion-column-has-shadow fusion-flex-column-wrapper-legacy\"><div class=\"fusion-text fusion-text-1\"><h3>R\u00e5dgivning<\/h3>\n<\/div><div class=\"fusion-sep-clear\"><\/div><div class=\"fusion-separator fusion-clearfix\" style=\"float:left;margin-top:-20px;margin-bottom:40px;width:100%;max-width:70px;\"><div class=\"fusion-separator-border sep-single sep-solid\" style=\"--awb-height:20px;--awb-amount:20px;--awb-sep-color:#8cd5e5;border-color:#8cd5e5;border-top-width:2px;\"><\/div><\/div><div class=\"fusion-sep-clear\"><\/div><div class=\"fusion-text fusion-text-2\"><p>Vi lever i tider hvor mye endrer seg raskt, og det er ikke alltid lett \u00e5 se hvilke grep en b\u00f8r ta i ulike situasjoner. For oss i VVS Regnskap er r\u00e5dgivning i krevende tider som regel tuftet p\u00e5 tall og analyser i regnskapet. Her finnes ofte svar p\u00e5 hvorfor ting har g\u00e5tt bra, eller \u00e5rsaken til at ting har blitt mer krevende enn en hadde h\u00e5pet.<\/p>\n<p>Vi bidrar gjerne med v\u00e5re r\u00e5d ovenfor deg som st\u00e5r midt i krevende prosesser. Sammen skal vi klare \u00e5 finne frem til de n\u00f8dvendige og riktige tiltakene for deres bedrift, slik at fremtidige regnskap kan legges frem med stolthet.<\/p>\n<p>.<\/p>\n<\/div><div class=\"fusion-clearfix\"><\/div><\/div><\/div><div class=\"fusion-layout-column fusion_builder_column fusion-builder-column-1 fusion_builder_column_1_2 1_2 fusion-one-half fusion-column-last\" style=\"--awb-overflow:hidden;--awb-bg-image:url(&#039;https:\/\/vvs-regnskap.no\/wp-content\/uploads\/2021\/02\/Artikkel-04-800x800-1.jpg&#039;);--awb-bg-size:cover;--awb-border-radius:0px 60px 0px 0px;--awb-margin-top:-5%;width:50%;width:calc(50% - ( ( 4% ) * 0.5 ) );\"><div class=\"fusion-column-wrapper fusion-column-has-shadow fusion-flex-column-wrapper-legacy fusion-empty-column-bg-image fusion-column-has-bg-image\" data-bg-url=\"https:\/\/vvs-regnskap.no\/wp-content\/uploads\/2021\/02\/Artikkel-04-800x800-1.jpg\"><img decoding=\"async\" class=\"fusion-empty-dims-img-placeholder\" aria-label=\"Coworkers working on project\" src=\"data:image\/svg+xml,%3Csvg%20xmlns%3D%27http%3A%2F%2Fwww.w3.org%2F2000%2Fsvg%27%20width%3D%27800%27%20height%3D%27800%27%20viewBox%3D%270%200%20800%20800%27%3E%3Crect%20width%3D%27800%27%20height%3D%27800%27%20fill-opacity%3D%220%22%2F%3E%3C%2Fsvg%3E\"><div class=\"fusion-clearfix\"><\/div><\/div><\/div><\/div><\/div><div class=\"fusion-fullwidth fullwidth-box fusion-builder-row-2 nonhundred-percent-fullwidth non-hundred-percent-height-scrolling fusion-no-medium-visibility fusion-no-large-visibility\" style=\"--awb-border-radius-top-left:0px;--awb-border-radius-top-right:0px;--awb-border-radius-bottom-right:0px;--awb-border-radius-bottom-left:0px;--awb-padding-bottom:100px;--awb-margin-top:-60px;--awb-margin-bottom:-100px;--awb-background-color:#f7f7f7;--awb-flex-wrap:wrap;\" ><div class=\"fusion-builder-row fusion-row\"><div class=\"fusion-layout-column fusion_builder_column fusion-builder-column-2 fusion_builder_column_1_1 1_1 fusion-one-full fusion-column-first fusion-column-last\" style=\"--awb-padding-right:8%;--awb-padding-bottom:8%;--awb-padding-left:10%;--awb-bg-color:#ffffff;--awb-bg-color-hover:#ffffff;--awb-bg-size:cover;--awb-margin-top:-35px;\"><div class=\"fusion-column-wrapper fusion-column-has-shadow fusion-flex-column-wrapper-legacy\"><div class=\"fusion-text fusion-text-3\"><h3>R\u00e5dgivning<\/h3>\n<\/div><div class=\"fusion-sep-clear\"><\/div><div class=\"fusion-separator fusion-clearfix\" style=\"float:left;margin-top:-10px;margin-bottom:30px;width:100%;max-width:70px;\"><div class=\"fusion-separator-border sep-single sep-solid\" style=\"--awb-height:20px;--awb-amount:20px;--awb-sep-color:#8cd5e5;border-color:#8cd5e5;border-top-width:2px;\"><\/div><\/div><div class=\"fusion-sep-clear\"><\/div><div class=\"fusion-text fusion-text-4\"><p>Vi lever i tider hvor mye endrer seg raskt, og det er ikke alltid lett \u00e5 se hvilke grep en b\u00f8r ta i ulike situasjoner. For oss i VVS Regnskap er r\u00e5dgivning i krevende tider som regel tuftet p\u00e5 tall og analyser i regnskapet. Her finnes ofte svar p\u00e5 hvorfor ting har g\u00e5tt bra, eller \u00e5rsaken til at ting har blitt mer krevende enn en hadde h\u00e5pet.<\/p>\n<\/div><div class=\"fusion-clearfix\"><\/div><\/div><\/div><div class=\"fusion-layout-column fusion_builder_column fusion-builder-column-3 fusion_builder_column_1_1 1_1 fusion-one-full fusion-column-first fusion-column-last\" style=\"--awb-bg-image:url(&#039;https:\/\/vvs-regnskap.no\/wp-content\/uploads\/2021\/02\/Artikkel-04-800x800-1.jpg&#039;);--awb-bg-size:cover;--awb-margin-top:10%;\"><div class=\"fusion-column-wrapper fusion-column-has-shadow fusion-flex-column-wrapper-legacy fusion-empty-column-bg-image fusion-column-has-bg-image\" data-bg-url=\"https:\/\/vvs-regnskap.no\/wp-content\/uploads\/2021\/02\/Artikkel-04-800x800-1.jpg\"><img decoding=\"async\" class=\"fusion-empty-dims-img-placeholder\" aria-label=\"Coworkers working on project\" src=\"data:image\/svg+xml,%3Csvg%20xmlns%3D%27http%3A%2F%2Fwww.w3.org%2F2000%2Fsvg%27%20width%3D%27800%27%20height%3D%27800%27%20viewBox%3D%270%200%20800%20800%27%3E%3Crect%20width%3D%27800%27%20height%3D%27800%27%20fill-opacity%3D%220%22%2F%3E%3C%2Fsvg%3E\"><div class=\"fusion-clearfix\"><\/div><\/div><\/div><div class=\"fusion-layout-column fusion_builder_column fusion-builder-column-4 fusion_builder_column_1_1 1_1 fusion-one-full fusion-column-first fusion-column-last\" style=\"--awb-padding-top:8%;--awb-padding-right:8%;--awb-padding-bottom:10%;--awb-padding-left:10%;--awb-overflow:hidden;--awb-bg-color:#ffffff;--awb-bg-color-hover:#ffffff;--awb-bg-size:cover;--awb-border-radius:0px 0px 60px 0px;--awb-margin-top:30px;\"><div class=\"fusion-column-wrapper fusion-column-has-shadow fusion-flex-column-wrapper-legacy\"><div class=\"fusion-text fusion-text-5\"><p>Vi bidrar gjerne med v\u00e5re r\u00e5d ovenfor deg som st\u00e5r midt i krevende prosesser. Sammen skal vi klare \u00e5 finne frem til de n\u00f8dvendige og riktige tiltakene for deres bedrift, slik at fremtidige regnskap kan legges frem med stolthet.<\/p>\n<\/div><div class=\"fusion-clearfix\"><\/div><\/div><\/div><\/div><\/div><\/p>\n","protected":false},"excerpt":{"rendered":"","protected":false},"author":5,"featured_media":0,"parent":0,"menu_order":0,"comment_status":"closed","ping_status":"closed","template":"100-width.php","meta":{"_exactmetrics_skip_tracking":false,"_exactmetrics_sitenote_active":false,"_exactmetrics_sitenote_note":"","_exactmetrics_sitenote_category":0,"footnotes":""},"class_list":["post-2297","page","type-page","status-publish","hentry"],"_links":{"self":[{"href":"https:\/\/vvs-regnskap.no\/index.php?rest_route=\/wp\/v2\/pages\/2297","targetHints":{"allow":["GET"]}}],"collection":[{"href":"https:\/\/vvs-regnskap.no\/index.php?rest_route=\/wp\/v2\/pages"}],"about":[{"href":"https:\/\/vvs-regnskap.no\/index.php?rest_route=\/wp\/v2\/types\/page"}],"author":[{"embeddable":true,"href":"https:\/\/vvs-regnskap.no\/index.php?rest_route=\/wp\/v2\/users\/5"}],"replies":[{"embeddable":true,"href":"https:\/\/vvs-regnskap.no\/index.php?rest_route=%2Fwp%2Fv2%2Fcomments&post=2297"}],"version-history":[{"count":47,"href":"https:\/\/vvs-regnskap.no\/index.php?rest_route=\/wp\/v2\/pages\/2297\/revisions"}],"predecessor-version":[{"id":3670,"href":"https:\/\/vvs-regnskap.no\/index.php?rest_route=\/wp\/v2\/pages\/2297\/revisions\/3670"}],"wp:attachment":[{"href":"https:\/\/vvs-regnskap.no\/index.php?rest_route=%2Fwp%2Fv2%2Fmedia&parent=2297"}],"curies":[{"name":"wp","href":"https:\/\/api.w.org\/{rel}","templated":true}]}}