{"id":2295,"date":"2021-02-08T13:48:19","date_gmt":"2021-02-08T12:48:19","guid":{"rendered":"https:\/\/account-group.no\/?page_id=2295"},"modified":"2023-09-29T09:29:29","modified_gmt":"2023-09-29T07:29:29","slug":"karriere","status":"publish","type":"page","link":"https:\/\/vvs-regnskap.no\/?page_id=2295","title":{"rendered":"Karriere"},"content":{"rendered":"<p><div class=\"fusion-fullwidth fullwidth-box fusion-builder-row-1 nonhundred-percent-fullwidth non-hundred-percent-height-scrolling fusion-no-small-visibility\" style=\"--awb-border-radius-top-left:0px;--awb-border-radius-top-right:0px;--awb-border-radius-bottom-right:0px;--awb-border-radius-bottom-left:0px;--awb-padding-bottom:200px;--awb-margin-top:2%;--awb-margin-bottom:-100px;--awb-background-color:#f7f7f7;--awb-flex-wrap:wrap;\" ><div class=\"fusion-builder-row fusion-row\"><div class=\"fusion-layout-column fusion_builder_column fusion-builder-column-0 fusion_builder_column_1_2 1_2 fusion-one-half fusion-column-first\" style=\"--awb-padding-right:12%;--awb-padding-bottom:6%;--awb-padding-left:12%;--awb-bg-color:#ffffff;--awb-bg-color-hover:#ffffff;--awb-bg-size:cover;--awb-margin-top:-50px;width:50%;width:calc(50% - ( ( 4% ) * 0.5 ) );margin-right: 4%;\"><div class=\"fusion-column-wrapper fusion-column-has-shadow fusion-flex-column-wrapper-legacy\"><div class=\"fusion-text fusion-text-1\"><h3>Karriere<\/h3>\n<\/div><div class=\"fusion-sep-clear\"><\/div><div class=\"fusion-separator fusion-clearfix\" style=\"float:left;margin-top:-25px;margin-bottom:40px;width:100%;max-width:70px;\"><div class=\"fusion-separator-border sep-single sep-solid\" style=\"--awb-height:20px;--awb-amount:20px;--awb-sep-color:#8cd5e5;border-color:#8cd5e5;border-top-width:2px;\"><\/div><\/div><div class=\"fusion-sep-clear\"><\/div><div class=\"fusion-text fusion-text-2\"><p>VVS Regnskap vokser raskt og er rette arbeidsplass for den som \u00f8nsker \u00e5 v\u00e6re med \u00e5 p\u00e5virke selskapet og v\u00e5re strategier. Hele regnskapsbransjen er i endring, og vi har en m\u00e5lsetning om \u00e5 v\u00e6re i front av denne utvikling gjennom \u00e5 satse p\u00e5 innovasjon og digitale l\u00f8sninger. Hos oss m\u00f8ter du et sterkt fagmilj\u00f8 og mennesker som er engasjerte.<\/p>\n<p>I tillegg har vi en klar filosofi om \u00e5 v\u00e6re en solid arbeidsplass for v\u00e5re ansatte, gjennom \u00e5 legge stor vekt p\u00e5 at alle opplever en meningsfull hverdag, omgitt av trivsel og trygghet. Vi tror det er grunnleggende for at vi sammen skal lykkes.<\/p>\n<\/div><div class=\"fusion-clearfix\"><\/div><\/div><\/div><div class=\"fusion-layout-column fusion_builder_column fusion-builder-column-1 fusion_builder_column_1_2 1_2 fusion-one-half fusion-column-last\" style=\"--awb-overflow:hidden;--awb-bg-image:url(&#039;https:\/\/vvs-regnskap.no\/wp-content\/uploads\/2020\/11\/BA-Group-trygge-og-trivelige.jpg&#039;);--awb-bg-size:cover;--awb-border-radius:0px 60px 0px 0px;--awb-margin-top:-5%;width:50%;width:calc(50% - ( ( 4% ) * 0.5 ) );\"><div class=\"fusion-column-wrapper fusion-column-has-shadow fusion-flex-column-wrapper-legacy fusion-empty-column-bg-image fusion-column-has-bg-image\" data-bg-url=\"https:\/\/vvs-regnskap.no\/wp-content\/uploads\/2020\/11\/BA-Group-trygge-og-trivelige.jpg\"><img decoding=\"async\" class=\"fusion-empty-dims-img-placeholder\" aria-label=\"BA Group &#8211; trygge og trivelige\" src=\"data:image\/svg+xml,%3Csvg%20xmlns%3D%27http%3A%2F%2Fwww.w3.org%2F2000%2Fsvg%27%20width%3D%27800%27%20height%3D%27700%27%20viewBox%3D%270%200%20800%20700%27%3E%3Crect%20width%3D%27800%27%20height%3D%27700%27%20fill-opacity%3D%220%22%2F%3E%3C%2Fsvg%3E\"><div class=\"fusion-clearfix\"><\/div><\/div><\/div><div class=\"fusion-layout-column fusion_builder_column fusion-builder-column-2 fusion_builder_column_1_2 1_2 fusion-one-half fusion-column-first\" style=\"--awb-overflow:hidden;--awb-bg-image:url(&#039;https:\/\/vvs-regnskap.no\/wp-content\/uploads\/2020\/11\/Vekst-01-800x700-1.jpg&#039;);--awb-bg-size:cover;--awb-border-radius:0px 0px 0px 60px;--awb-margin-top:30px;width:50%;width:calc(50% - ( ( 4% ) * 0.5 ) );margin-right: 4%;\"><div class=\"fusion-column-wrapper fusion-column-has-shadow fusion-flex-column-wrapper-legacy fusion-empty-column-bg-image fusion-column-has-bg-image\" data-bg-url=\"https:\/\/vvs-regnskap.no\/wp-content\/uploads\/2020\/11\/Vekst-01-800x700-1.jpg\"><img decoding=\"async\" class=\"fusion-empty-dims-img-placeholder\" aria-label=\"Business presentation\" src=\"data:image\/svg+xml,%3Csvg%20xmlns%3D%27http%3A%2F%2Fwww.w3.org%2F2000%2Fsvg%27%20width%3D%27800%27%20height%3D%27700%27%20viewBox%3D%270%200%20800%20700%27%3E%3Crect%20width%3D%27800%27%20height%3D%27700%27%20fill-opacity%3D%220%22%2F%3E%3C%2Fsvg%3E\"><div class=\"fusion-clearfix\"><\/div><\/div><\/div><div class=\"fusion-layout-column fusion_builder_column fusion-builder-column-3 fusion_builder_column_1_2 1_2 fusion-one-half fusion-column-last\" style=\"--awb-padding-top:9%;--awb-padding-right:12%;--awb-padding-bottom:7%;--awb-padding-left:12%;--awb-bg-color:#ffffff;--awb-bg-color-hover:#ffffff;--awb-bg-size:cover;--awb-margin-top:-10px;width:50%;width:calc(50% - ( ( 4% ) * 0.5 ) );\"><div class=\"fusion-column-wrapper fusion-column-has-shadow fusion-flex-column-wrapper-legacy\"><div class=\"fusion-text fusion-text-3\"><p>VVS Regnskap er en del av et spennende og voksende selskap med en ledelse som har mange \u00e5rs erfaring i \u00e5 utvikle innovative it-l\u00f8sninger og betjene mange ulike kundergrupper. Vi har ambisjoner om \u00e5 v\u00e6re en attraktiv, trygg og trivelig arbeidsplass for dyktige og engasjerte fagpersoner.<\/p>\n<p>Vi \u00f8nsker engasjerte og positive kollegaer som er opptatt av innovasjon, verdiskapning for v\u00e5re kunder og som har evne til \u00e5 bygge gode, personlige og langsiktige relasjoner med v\u00e5re oppdragsgivere.<\/p>\n<p>Vi \u00f8nsker \u00e5 gi v\u00e5re kunder de beste l\u00f8sningene og den aller beste kundebehandlingen. Derfor er vi stadig p\u00e5 utkikk etter dyktige medarbeidere som deler v\u00e5r visjon.<\/p>\n<p>\u00d8nsker du \u00e5 v\u00e6re med p\u00e5 en spennende reise, i et selskap som tilbyr gode utviklingsmuligheter, send gjerne en \u00e5pen s\u00f8knad til\u00a0<a href=\"mailto:hr@vvs-regnskap.no\">hr@vvs-regnskap.no<\/a><\/p>\n<\/div><div class=\"fusion-clearfix\"><\/div><\/div><\/div><\/div><\/div><div class=\"fusion-fullwidth fullwidth-box fusion-builder-row-2 nonhundred-percent-fullwidth non-hundred-percent-height-scrolling fusion-no-medium-visibility fusion-no-large-visibility\" style=\"--awb-border-radius-top-left:0px;--awb-border-radius-top-right:0px;--awb-border-radius-bottom-right:0px;--awb-border-radius-bottom-left:0px;--awb-padding-bottom:100px;--awb-margin-top:-60px;--awb-margin-bottom:-100px;--awb-background-color:#f7f7f7;--awb-flex-wrap:wrap;\" ><div class=\"fusion-builder-row fusion-row\"><div class=\"fusion-layout-column fusion_builder_column fusion-builder-column-4 fusion_builder_column_1_1 1_1 fusion-one-full fusion-column-first fusion-column-last\" style=\"--awb-padding-right:8%;--awb-padding-bottom:10%;--awb-padding-left:10%;--awb-bg-color:#ffffff;--awb-bg-color-hover:#ffffff;--awb-bg-size:cover;--awb-margin-top:-35px;\"><div class=\"fusion-column-wrapper fusion-column-has-shadow fusion-flex-column-wrapper-legacy\"><div class=\"fusion-text fusion-text-4\"><h3>Karriere<\/h3>\n<\/div><div class=\"fusion-sep-clear\"><\/div><div class=\"fusion-separator fusion-clearfix\" style=\"float:left;margin-top:-15px;margin-bottom:30px;width:100%;max-width:70px;\"><div class=\"fusion-separator-border sep-single sep-solid\" style=\"--awb-height:20px;--awb-amount:20px;--awb-sep-color:#8cd5e5;border-color:#8cd5e5;border-top-width:2px;\"><\/div><\/div><div class=\"fusion-sep-clear\"><\/div><div class=\"fusion-text fusion-text-5\"><p>VVS Regnskap vokser raskt og er rette arbeidsplass for den som \u00f8nsker \u00e5 v\u00e6re med \u00e5 p\u00e5virke selskapet og v\u00e5re strategier. Hele regnskapsbransjen er i endring, og vi har en m\u00e5lsetning om \u00e5 v\u00e6re i front av denne utvikling gjennom \u00e5 satse p\u00e5 innovasjon og digitale l\u00f8sninger. Hos oss m\u00f8ter du et sterkt fagmilj\u00f8 og mennesker som er engasjerte.<\/p>\n<p>I tillegg har vi en klar filosofi om \u00e5 v\u00e6re en solid arbeidsplass for v\u00e5re ansatte, gjennom \u00e5 legge stor vekt p\u00e5 at alle opplever en meningsfull hverdag, omgitt av trivsel og trygghet. Vi tror det er grunnleggende for at vi sammen skal lykkes.<\/p>\n<\/div><div class=\"fusion-clearfix\"><\/div><\/div><\/div><div class=\"fusion-layout-column fusion_builder_column fusion-builder-column-5 fusion_builder_column_1_1 1_1 fusion-one-full fusion-column-first fusion-column-last\" style=\"--awb-bg-image:url(&#039;https:\/\/vvs-regnskap.no\/wp-content\/uploads\/2020\/11\/BA-Group-trygge-og-trivelige.jpg&#039;);--awb-bg-size:cover;--awb-margin-top:10%;\"><div class=\"fusion-column-wrapper fusion-column-has-shadow fusion-flex-column-wrapper-legacy fusion-empty-column-bg-image fusion-column-has-bg-image\" data-bg-url=\"https:\/\/vvs-regnskap.no\/wp-content\/uploads\/2020\/11\/BA-Group-trygge-og-trivelige.jpg\"><img decoding=\"async\" class=\"fusion-empty-dims-img-placeholder\" aria-label=\"BA Group &#8211; trygge og trivelige\" src=\"data:image\/svg+xml,%3Csvg%20xmlns%3D%27http%3A%2F%2Fwww.w3.org%2F2000%2Fsvg%27%20width%3D%27800%27%20height%3D%27700%27%20viewBox%3D%270%200%20800%20700%27%3E%3Crect%20width%3D%27800%27%20height%3D%27700%27%20fill-opacity%3D%220%22%2F%3E%3C%2Fsvg%3E\"><div class=\"fusion-clearfix\"><\/div><\/div><\/div><div class=\"fusion-layout-column fusion_builder_column fusion-builder-column-6 fusion_builder_column_1_1 1_1 fusion-one-full fusion-column-first fusion-column-last\" style=\"--awb-padding-top:45px;--awb-padding-right:8%;--awb-padding-bottom:10%;--awb-padding-left:10%;--awb-bg-color:#ffffff;--awb-bg-color-hover:#ffffff;--awb-bg-size:cover;--awb-margin-top:35px;\"><div class=\"fusion-column-wrapper fusion-column-has-shadow fusion-flex-column-wrapper-legacy\"><div class=\"fusion-text fusion-text-6\"><p>Bil Regnskap er en del av et spennende og voksende selskap med en ledelse som har mange \u00e5rs erfaring i \u00e5 utvikle innovative it-l\u00f8sninger og betjene mange ulike kundergrupper. Vi har ambisjoner om \u00e5 v\u00e6re en attraktiv, trygg og trivelig arbeidsplass for dyktige og engasjerte fagpersoner.<\/p>\n<p>Vi \u00f8nsker engasjerte og positive kollegaer som er opptatt av innovasjon, verdiskapning for v\u00e5re kunder og som har evne til \u00e5 bygge gode, personlige og langsiktige relasjoner med v\u00e5re oppdragsgivere.<\/p>\n<p>Vi \u00f8nsker \u00e5 gi v\u00e5re kunder de beste l\u00f8sningene og den aller beste kundebehandlingen. Derfor er vi stadig p\u00e5 utkikk etter dyktige medarbeidere som deler v\u00e5r visjon.<\/p>\n<p>\u00d8nsker du \u00e5 v\u00e6re med p\u00e5 en spennende reise, i et selskap som tilbyr gode utviklingsmuligheter, send gjerne en \u00e5pen s\u00f8knad til\u00a0<a href=\"mailto:hr@vvs-regnskap.no\">hr@vvs-regnskap.no<\/a><\/p>\n<\/div><div class=\"fusion-clearfix\"><\/div><\/div><\/div><div class=\"fusion-layout-column fusion_builder_column fusion-builder-column-7 fusion_builder_column_1_1 1_1 fusion-one-full fusion-column-first fusion-column-last\" style=\"--awb-overflow:hidden;--awb-bg-image:url(&#039;https:\/\/vvs-regnskap.no\/wp-content\/uploads\/2021\/02\/Vekst-01-800x700-1.jpg&#039;);--awb-bg-size:cover;--awb-border-radius:0px 0px 60px 0px;--awb-margin-top:10%;\"><div class=\"fusion-column-wrapper fusion-column-has-shadow fusion-flex-column-wrapper-legacy fusion-empty-column-bg-image fusion-column-has-bg-image\" data-bg-url=\"https:\/\/vvs-regnskap.no\/wp-content\/uploads\/2021\/02\/Vekst-01-800x700-1.jpg\"><img decoding=\"async\" class=\"fusion-empty-dims-img-placeholder\" aria-label=\"Business presentation\" src=\"data:image\/svg+xml,%3Csvg%20xmlns%3D%27http%3A%2F%2Fwww.w3.org%2F2000%2Fsvg%27%20width%3D%27800%27%20height%3D%27700%27%20viewBox%3D%270%200%20800%20700%27%3E%3Crect%20width%3D%27800%27%20height%3D%27700%27%20fill-opacity%3D%220%22%2F%3E%3C%2Fsvg%3E\"><div class=\"fusion-clearfix\"><\/div><\/div><\/div><\/div><\/div><\/p>\n","protected":false},"excerpt":{"rendered":"","protected":false},"author":5,"featured_media":0,"parent":0,"menu_order":0,"comment_status":"closed","ping_status":"closed","template":"100-width.php","meta":{"_exactmetrics_skip_tracking":false,"_exactmetrics_sitenote_active":false,"_exactmetrics_sitenote_note":"","_exactmetrics_sitenote_category":0,"footnotes":""},"class_list":["post-2295","page","type-page","status-publish","hentry"],"_links":{"self":[{"href":"https:\/\/vvs-regnskap.no\/index.php?rest_route=\/wp\/v2\/pages\/2295","targetHints":{"allow":["GET"]}}],"collection":[{"href":"https:\/\/vvs-regnskap.no\/index.php?rest_route=\/wp\/v2\/pages"}],"about":[{"href":"https:\/\/vvs-regnskap.no\/index.php?rest_route=\/wp\/v2\/types\/page"}],"author":[{"embeddable":true,"href":"https:\/\/vvs-regnskap.no\/index.php?rest_route=\/wp\/v2\/users\/5"}],"replies":[{"embeddable":true,"href":"https:\/\/vvs-regnskap.no\/index.php?rest_route=%2Fwp%2Fv2%2Fcomments&post=2295"}],"version-history":[{"count":64,"href":"https:\/\/vvs-regnskap.no\/index.php?rest_route=\/wp\/v2\/pages\/2295\/revisions"}],"predecessor-version":[{"id":3676,"href":"https:\/\/vvs-regnskap.no\/index.php?rest_route=\/wp\/v2\/pages\/2295\/revisions\/3676"}],"wp:attachment":[{"href":"https:\/\/vvs-regnskap.no\/index.php?rest_route=%2Fwp%2Fv2%2Fmedia&parent=2295"}],"curies":[{"name":"wp","href":"https:\/\/api.w.org\/{rel}","templated":true}]}}