{"id":136,"date":"2017-12-06T18:26:11","date_gmt":"2017-12-06T18:26:11","guid":{"rendered":"https:\/\/boxdev.no\/finexa\/?page_id=136"},"modified":"2023-09-29T09:27:05","modified_gmt":"2023-09-29T07:27:05","slug":"om-ba-group","status":"publish","type":"page","link":"https:\/\/vvs-regnskap.no\/?page_id=136","title":{"rendered":"Tjenester"},"content":{"rendered":"<p><div class=\"fusion-fullwidth fullwidth-box fusion-builder-row-1 nonhundred-percent-fullwidth non-hundred-percent-height-scrolling fusion-no-small-visibility\" style=\"--awb-border-radius-top-left:0px;--awb-border-radius-top-right:0px;--awb-border-radius-bottom-right:0px;--awb-border-radius-bottom-left:0px;--awb-padding-bottom:250px;--awb-margin-top:250px;--awb-margin-bottom:-100px;--awb-background-color:#f7f7f7;--awb-flex-wrap:wrap;\" ><div class=\"fusion-builder-row fusion-row\"><div class=\"fusion-layout-column fusion_builder_column fusion-builder-column-0 fusion_builder_column_1_2 1_2 fusion-one-half fusion-column-first\" style=\"--awb-padding-right:12%;--awb-padding-bottom:10%;--awb-padding-left:12%;--awb-overflow:hidden;--awb-bg-color:#ffffff;--awb-bg-color-hover:#ffffff;--awb-bg-size:cover;--awb-border-radius:0px 0px 0px 60px;--awb-margin-top:-50px;width:50%;width:calc(50% - ( ( 4% ) * 0.5 ) );margin-right: 4%;\"><div class=\"fusion-column-wrapper fusion-column-has-shadow fusion-flex-column-wrapper-legacy\"><div class=\"fusion-text fusion-text-1\"><h3>Tjenester<\/h3>\n<\/div><div class=\"fusion-sep-clear\"><\/div><div class=\"fusion-separator fusion-clearfix\" style=\"float:left;margin-top:-20px;margin-bottom:40px;width:100%;max-width:70px;\"><div class=\"fusion-separator-border sep-single sep-solid\" style=\"--awb-height:20px;--awb-amount:20px;--awb-sep-color:#8cd5e5;border-color:#8cd5e5;border-top-width:2px;\"><\/div><\/div><div class=\"fusion-sep-clear\"><\/div><div class=\"fusion-text fusion-text-2\"><ul>\n<li>Moderne l\u00f8sninger for inng\u00e5ende og utg\u00e5ende fakturarutiner<\/li>\n<li>L\u00f8nn fra A-\u00c5<\/li>\n<li>Bokf\u00f8ring av bilag<\/li>\n<li>Kundetilpasset rapportering via v\u00e5r egen Account Portal<\/li>\n<li>R\u00e5dgivning og regnskapsanalyse<\/li>\n<li>Power BI konsultasjon<\/li>\n<li>Skybasert regnskap med enkel kundetilgang<\/li>\n<li>\u00c5rsregnskap og \u00e5rsoppgj\u00f8r<\/li>\n<li>Skattemelding<\/li>\n<li>Aksjon\u00e6rregisteroppgaver m.m.<\/li>\n<\/ul>\n<\/div><div class=\"fusion-clearfix\"><\/div><\/div><\/div><div class=\"fusion-layout-column fusion_builder_column fusion-builder-column-1 fusion_builder_column_1_2 1_2 fusion-one-half fusion-column-last\" style=\"--awb-overflow:hidden;--awb-bg-image:url(&#039;https:\/\/vvs-regnskap.no\/wp-content\/uploads\/2021\/02\/Artikkel-07-800x800-1.jpg&#039;);--awb-bg-size:cover;--awb-border-radius:0px 60px 0px 0px;--awb-margin-top:-5%;width:50%;width:calc(50% - ( ( 4% ) * 0.5 ) );\"><div class=\"fusion-column-wrapper fusion-column-has-shadow fusion-flex-column-wrapper-legacy fusion-empty-column-bg-image fusion-column-has-bg-image\" data-bg-url=\"https:\/\/vvs-regnskap.no\/wp-content\/uploads\/2021\/02\/Artikkel-07-800x800-1.jpg\"><img decoding=\"async\" class=\"fusion-empty-dims-img-placeholder\" aria-label=\"Charting business growth with technology\" src=\"data:image\/svg+xml,%3Csvg%20xmlns%3D%27http%3A%2F%2Fwww.w3.org%2F2000%2Fsvg%27%20width%3D%27800%27%20height%3D%27800%27%20viewBox%3D%270%200%20800%20800%27%3E%3Crect%20width%3D%27800%27%20height%3D%27800%27%20fill-opacity%3D%220%22%2F%3E%3C%2Fsvg%3E\"><div class=\"fusion-clearfix\"><\/div><\/div><\/div><\/div><\/div><div class=\"fusion-fullwidth fullwidth-box fusion-builder-row-2 nonhundred-percent-fullwidth non-hundred-percent-height-scrolling fusion-no-medium-visibility fusion-no-large-visibility\" style=\"--awb-border-radius-top-left:0px;--awb-border-radius-top-right:0px;--awb-border-radius-bottom-right:0px;--awb-border-radius-bottom-left:0px;--awb-padding-bottom:200px;--awb-margin-top:40px;--awb-margin-bottom:-100px;--awb-background-color:#f7f7f7;--awb-flex-wrap:wrap;\" ><div class=\"fusion-builder-row fusion-row\"><div class=\"fusion-layout-column fusion_builder_column fusion-builder-column-2 fusion_builder_column_1_1 1_1 fusion-one-full fusion-column-first fusion-column-last\" style=\"--awb-padding-right:8%;--awb-padding-bottom:10%;--awb-padding-left:10%;--awb-bg-color:#ffffff;--awb-bg-color-hover:#ffffff;--awb-bg-size:cover;--awb-margin-top:-35px;\"><div class=\"fusion-column-wrapper fusion-column-has-shadow fusion-flex-column-wrapper-legacy\"><div class=\"fusion-text fusion-text-3\"><h3>Tjenester<\/h3>\n<\/div><div class=\"fusion-sep-clear\"><\/div><div class=\"fusion-separator fusion-clearfix\" style=\"float:left;margin-top:-10px;margin-bottom:20px;width:100%;max-width:70px;\"><div class=\"fusion-separator-border sep-single sep-solid\" style=\"--awb-height:20px;--awb-amount:20px;--awb-sep-color:#8cd5e5;border-color:#8cd5e5;border-top-width:2px;\"><\/div><\/div><div class=\"fusion-sep-clear\"><\/div><div class=\"fusion-clearfix\"><\/div><\/div><\/div><div class=\"fusion-layout-column fusion_builder_column fusion-builder-column-3 fusion_builder_column_1_1 1_1 fusion-one-full fusion-column-first fusion-column-last\" style=\"--awb-padding-right:8%;--awb-padding-bottom:10%;--awb-padding-left:3%;--awb-bg-color:#ffffff;--awb-bg-color-hover:#ffffff;--awb-bg-size:cover;--awb-margin-top:-35px;\"><div class=\"fusion-column-wrapper fusion-column-has-shadow fusion-flex-column-wrapper-legacy\"><div class=\"fusion-text fusion-text-4\"><ul>\n<li>Moderne l\u00f8sninger for inng\u00e5ende og utg\u00e5ende fakturarutiner<\/li>\n<li>L\u00f8nn fra A-\u00c5<\/li>\n<li>Bokf\u00f8ring av bilag<\/li>\n<li>Kundetilpasset rapportering via v\u00e5r egen Account Portal<\/li>\n<li>R\u00e5dgivning og regnskapsanalyse<\/li>\n<li>Power BI konsultasjon<\/li>\n<li>Skybasert regnskap med enkel kundetilgang<\/li>\n<li>\u00c5rsregnskap og \u00e5rsoppgj\u00f8r<\/li>\n<li>Skattemelding<\/li>\n<li>Aksjon\u00e6rregisteroppgaver m.m.<\/li>\n<\/ul>\n<\/div><div class=\"fusion-clearfix\"><\/div><\/div><\/div><div class=\"fusion-layout-column fusion_builder_column fusion-builder-column-4 fusion_builder_column_1_1 1_1 fusion-one-full fusion-column-first fusion-column-last\" style=\"--awb-overflow:hidden;--awb-bg-image:url(&#039;https:\/\/vvs-regnskap.no\/wp-content\/uploads\/2021\/02\/Artikkel-07-800x800-1.jpg&#039;);--awb-bg-size:cover;--awb-border-radius:0px 0px 60px 0px;--awb-margin-top:10%;\"><div class=\"fusion-column-wrapper fusion-column-has-shadow fusion-flex-column-wrapper-legacy fusion-empty-column-bg-image fusion-column-has-bg-image\" data-bg-url=\"https:\/\/vvs-regnskap.no\/wp-content\/uploads\/2021\/02\/Artikkel-07-800x800-1.jpg\"><img decoding=\"async\" class=\"fusion-empty-dims-img-placeholder\" aria-label=\"Charting business growth with technology\" src=\"data:image\/svg+xml,%3Csvg%20xmlns%3D%27http%3A%2F%2Fwww.w3.org%2F2000%2Fsvg%27%20width%3D%27800%27%20height%3D%27800%27%20viewBox%3D%270%200%20800%20800%27%3E%3Crect%20width%3D%27800%27%20height%3D%27800%27%20fill-opacity%3D%220%22%2F%3E%3C%2Fsvg%3E\"><div class=\"fusion-clearfix\"><\/div><\/div><\/div><\/div><\/div><\/p>\n","protected":false},"excerpt":{"rendered":"","protected":false},"author":5,"featured_media":0,"parent":0,"menu_order":0,"comment_status":"closed","ping_status":"closed","template":"100-width.php","meta":{"_exactmetrics_skip_tracking":false,"_exactmetrics_sitenote_active":false,"_exactmetrics_sitenote_note":"","_exactmetrics_sitenote_category":0,"footnotes":""},"class_list":["post-136","page","type-page","status-publish","hentry"],"_links":{"self":[{"href":"https:\/\/vvs-regnskap.no\/index.php?rest_route=\/wp\/v2\/pages\/136","targetHints":{"allow":["GET"]}}],"collection":[{"href":"https:\/\/vvs-regnskap.no\/index.php?rest_route=\/wp\/v2\/pages"}],"about":[{"href":"https:\/\/vvs-regnskap.no\/index.php?rest_route=\/wp\/v2\/types\/page"}],"author":[{"embeddable":true,"href":"https:\/\/vvs-regnskap.no\/index.php?rest_route=\/wp\/v2\/users\/5"}],"replies":[{"embeddable":true,"href":"https:\/\/vvs-regnskap.no\/index.php?rest_route=%2Fwp%2Fv2%2Fcomments&post=136"}],"version-history":[{"count":246,"href":"https:\/\/vvs-regnskap.no\/index.php?rest_route=\/wp\/v2\/pages\/136\/revisions"}],"predecessor-version":[{"id":3669,"href":"https:\/\/vvs-regnskap.no\/index.php?rest_route=\/wp\/v2\/pages\/136\/revisions\/3669"}],"wp:attachment":[{"href":"https:\/\/vvs-regnskap.no\/index.php?rest_route=%2Fwp%2Fv2%2Fmedia&parent=136"}],"curies":[{"name":"wp","href":"https:\/\/api.w.org\/{rel}","templated":true}]}}